{"id":1539,"date":"2018-05-18T07:40:59","date_gmt":"2018-05-18T07:40:59","guid":{"rendered":"http:\/\/ottar.edge-themes.com\/?page_id=1539"},"modified":"2021-01-27T15:37:26","modified_gmt":"2021-01-27T14:37:26","slug":"mentions_legales","status":"publish","type":"page","link":"https:\/\/mathieurouzier.fr\/index.php\/mentions_legales\/","title":{"rendered":"Mentions l\u00e9gales"},"content":{"rendered":"<p>[vc_row row_content_width=&#8221;grid&#8221; css=&#8221;.vc_custom_1591802766607{padding-bottom: 150px !important;}&#8221;][vc_column width=&#8221;2\/3&#8243;][vc_column_text]<\/p>\n<h4>\u00c9diteur du site<\/h4>\n<p>[\/vc_column_text][vc_empty_space height=&#8221;10px&#8221;][vc_column_text]Nom ou Raison sociale : Mathieu Rouzier<br \/>\nT\u00e9l\u00e9phone : 0666632825<\/p>\n<p>Mail : contact@mathieurouzier.fr<\/p>\n<p>Directeur de r\u00e9daction et de publication : Mathieu Rouzier[\/vc_column_text][vc_empty_space][vc_column_text]<\/p>\n<h4>H\u00e9bergement<\/h4>\n<p>[\/vc_column_text][vc_empty_space height=&#8221;10px&#8221;][vc_column_text]L\u2019h\u00e9bergement est assur\u00e9 par OVH<br \/>\nSAS au capital de 10 174 560,00 \u20ac<br \/>\nCode APE 2620Z<br \/>\nN\u00b0 TVA : FR22424761419<br \/>\nSi\u00e8ge social : OVH, 2 RUE KELLERMANN 59100 ROUBAIX[\/vc_column_text][vc_empty_space][vc_column_text]<\/p>\n<h4>Cr\u00e9ateur du site<\/h4>\n<p>[\/vc_column_text][vc_empty_space height=&#8221;10px&#8221;][vc_column_text]Site r\u00e9alis\u00e9 par Studio Tapage : <a href=\"http:\/\/studio-tapage.fr\">studio-tapage.fr<\/a>[\/vc_column_text][vc_empty_space][vc_column_text]<\/p>\n<h4>Condition d\u2019utilisation<\/h4>\n<p>[\/vc_column_text][vc_empty_space height=&#8221;10px&#8221;][vc_column_text]Le site accessible par l\u2019url suivant : www.mathieurouzier.fr est exploit\u00e9 dans le respect de la l\u00e9gislation fran\u00e7aise. L\u2019utilisation de ce site est r\u00e9gie par les pr\u00e9sentes conditions g\u00e9n\u00e9rales. En utilisant le site, vous reconnaissez avoir pris connaissance de ces conditions et les avoir accept\u00e9es.<\/p>\n<p>Celles-ci pourront \u00eatre modifi\u00e9es \u00e0 tout moment et sans pr\u00e9avis par mathieu rouzier.<\/p>\n<p>Mathieu Rouzier ne saurait \u00eatre tenu pour responsable en aucune mani\u00e8re d\u2019une mauvaise utilisation du service.[\/vc_column_text][vc_empty_space][vc_column_text]<\/p>\n<h4>Limitation de responsabilit\u00e9<\/h4>\n<p>[\/vc_column_text][vc_empty_space height=&#8221;10px&#8221;][vc_column_text]Les informations contenues sur ce site sont aussi pr\u00e9cises que possible et le site est p\u00e9riodiquement remis \u00e0 jour, mais peut toutefois contenir des inexactitudes, des omissions ou des lacunes.<\/p>\n<p>Si vous constatez une lacune, erreur ou ce qui parait \u00eatre un dysfonctionnement, merci de bien vouloir le signaler par email en d\u00e9crivant le probl\u00e8me de la mani\u00e8re la plus pr\u00e9cise possible (page posant probl\u00e8me, action d\u00e9clenchante, type d\u2019ordinateur et de navigateur utilis\u00e9 \u2026).<\/p>\n<p>Tout contenu t\u00e9l\u00e9charg\u00e9 se fait aux risques et p\u00e9rils de l\u2019utilisateur et sous sa seule responsabilit\u00e9. En cons\u00e9quence, Mathieu Rouzier ne saurait \u00eatre tenu responsable d\u2019un quelconque dommage subi par l\u2019ordinateur de l\u2019utilisateur ou d\u2019une quelconque perte de donn\u00e9es cons\u00e9cutives au t\u00e9l\u00e9chargement.<\/p>\n<p>Les photos sont non contractuelles.<\/p>\n<p>Les liens hypertextes mis en place dans le cadre du pr\u00e9sent site internet en direction d\u2019autres ressources pr\u00e9sentes sur le r\u00e9seau Internet ne sauraient engager la responsabilit\u00e9 de Mathieu Rouzier<\/p>\n<p>Mathieu Rouzier ne saurait \u00eatre tenu pour responsable en aucune mani\u00e8re d\u2019une mauvaise utilisation du service.[\/vc_column_text][vc_empty_space][vc_column_text]<\/p>\n<h4>Confidentialit\u00e9<\/h4>\n<p>[\/vc_column_text][vc_empty_space height=&#8221;10px&#8221;][vc_column_text]Vos donn\u00e9es personnelles sont confidentielles et ne seront en aucun cas communiqu\u00e9es \u00e0 des tiers hormis pour la bonne ex\u00e9cution de la prestation. Les internautes disposent d\u2019un droit d\u2019acc\u00e8s, de rectification, de modification et de suppression concernant les donn\u00e9es qui les concernent personnellement.[\/vc_column_text][vc_empty_space][vc_column_text]<\/p>\n<h4>Propri\u00e9t\u00e9 intellectuelle<\/h4>\n<p>[\/vc_column_text][vc_empty_space height=&#8221;10px&#8221;][vc_column_text]Tout le contenu du pr\u00e9sent site, incluant, de fa\u00e7on non limitative, les graphismes, images, textes, vid\u00e9os, animations, sons, logos, gifs et ic\u00f4nes ainsi que leur mise en forme sont la propri\u00e9t\u00e9 exclusive de la Mathieu Rouzier \u00e0 l\u2019exception des marques, logos ou contenus appartenant \u00e0 d\u2019autres soci\u00e9t\u00e9s partenaires ou auteurs.<\/p>\n<p>Toute reproduction, distribution, modification, adaptation, retransmission ou publication, m\u00eame partielle, de ces diff\u00e9rents \u00e9l\u00e9ments est strictement interdite sans l\u2019accord express par \u00e9crit de la Mathieu Rouzier.<\/p>\n<p>Pour toute demande d\u2019autorisation ou d\u2019information, veuillez nous contacter par email : contact@mathieurouzier.fr<\/p>\n<p>Par ailleurs, la mise en forme de ce site a n\u00e9cessit\u00e9 le recours \u00e0 des sources externes dont nous avons acquis les droits : Ottar \u2013 by\u00a0Edge-Themes<\/p>\n<p>Cr\u00e9dits photographiques : Mathieu Rouzier \/ Pierre Caron \/ Elsa Lebaratoux[\/vc_column_text][vc_empty_space][vc_column_text]<\/p>\n<h4>Droit applicable<\/h4>\n<p>[\/vc_column_text][vc_empty_space height=&#8221;10px&#8221;][vc_column_text]Tout litige en relation avec l\u2019utilisation du site www.mathieurouzier.fr est soumis au droit fran\u00e7ais. Il est fait attribution exclusive de juridiction aux tribunaux comp\u00e9tents de Paris.[\/vc_column_text][vc_empty_space][vc_column_text]<\/p>\n<h4>Fonctionnalit\u00e9 ReCAPTCHA<\/h4>\n<p>[\/vc_column_text][vc_empty_space height=&#8221;10px&#8221;][vc_column_text]Ce site int\u00e8gre ReCAPTCHA version 3, dont l\u2019utilisation est soumise aux R\u00e9gles de confidentialit\u00e9 et aux Conditions d\u2019utilisation de Google.<\/p>\n<p>La fonctionnalit\u00e9 reCAPTCHA ne sert qu\u2019\u00e0 lutter contre le spam et les abus sur ce site.[\/vc_column_text][\/vc_column][vc_column width=&#8221;1\/3&#8243;][\/vc_column][\/vc_row]<\/p>\n","protected":false},"excerpt":{"rendered":"<p>[vc_row row_content_width=&#8221;grid&#8221; css=&#8221;.vc_custom_1591802766607{padding-bottom: 150px !important;}&#8221;][vc_column width=&#8221;2\/3&#8243;][vc_column_text] \u00c9diteur du site [\/vc_column_text][vc_empty_space height=&#8221;10px&#8221;][vc_column_text]Nom ou Raison sociale : Mathieu Rouzier T\u00e9l\u00e9phone : 0666632825 Mail : contact@mathieurouzier.fr Directeur de r\u00e9daction et de publication : Mathieu Rouzier[\/vc_column_text][vc_empty_space][vc_column_text] H\u00e9bergement [\/vc_column_text][vc_empty_space height=&#8221;10px&#8221;][vc_column_text]L\u2019h\u00e9bergement est assur\u00e9 par OVH SAS au capital de 10 174 560,00 \u20ac Code APE 2620Z N\u00b0 TVA : FR22424761419 Si\u00e8ge social : OVH, 2 RUE [&hellip;]<\/p>\n","protected":false},"author":1,"featured_media":0,"parent":0,"menu_order":0,"comment_status":"closed","ping_status":"closed","template":"full-width.php","meta":[],"_links":{"self":[{"href":"https:\/\/mathieurouzier.fr\/index.php\/wp-json\/wp\/v2\/pages\/1539"}],"collection":[{"href":"https:\/\/mathieurouzier.fr\/index.php\/wp-json\/wp\/v2\/pages"}],"about":[{"href":"https:\/\/mathieurouzier.fr\/index.php\/wp-json\/wp\/v2\/types\/page"}],"author":[{"embeddable":true,"href":"https:\/\/mathieurouzier.fr\/index.php\/wp-json\/wp\/v2\/users\/1"}],"replies":[{"embeddable":true,"href":"https:\/\/mathieurouzier.fr\/index.php\/wp-json\/wp\/v2\/comments?post=1539"}],"version-history":[{"count":14,"href":"https:\/\/mathieurouzier.fr\/index.php\/wp-json\/wp\/v2\/pages\/1539\/revisions"}],"predecessor-version":[{"id":4376,"href":"https:\/\/mathieurouzier.fr\/index.php\/wp-json\/wp\/v2\/pages\/1539\/revisions\/4376"}],"wp:attachment":[{"href":"https:\/\/mathieurouzier.fr\/index.php\/wp-json\/wp\/v2\/media?parent=1539"}],"curies":[{"name":"wp","href":"https:\/\/api.w.org\/{rel}","templated":true}]}}