{"id":251,"date":"2018-05-08T10:47:38","date_gmt":"2018-05-08T10:47:38","guid":{"rendered":"http:\/\/ottar.edge-themes.com\/?page_id=251"},"modified":"2026-02-05T20:54:51","modified_gmt":"2026-02-05T19:54:51","slug":"approche","status":"publish","type":"page","link":"https:\/\/mathieurouzier.fr\/index.php\/approche\/","title":{"rendered":"Notre approche"},"content":{"rendered":"<p>[vc_row gap=&#8221;35&#8243; content_placement=&#8221;middle&#8221; row_content_width=&#8221;grid&#8221; css=&#8221;.vc_custom_1593105710363{padding-top: 47px !important;padding-bottom: 50px !important;}&#8221;][vc_column width=&#8221;1\/2&#8243; css=&#8221;.vc_custom_1593105734142{margin-top: 30px !important;margin-bottom: 30px !important;}&#8221;]<div class=\"edgtf-single-image-holder   edgtf-image-behavior-zoom\">\n    <div class=\"edgtf-si-inner\" >\n                                            <img width=\"1000\" height=\"615\" src=\"https:\/\/mathieurouzier.fr\/wp-content\/uploads\/2020\/06\/culture4.jpg\" class=\"attachment-full size-full\" alt=\"\" loading=\"lazy\" srcset=\"https:\/\/mathieurouzier.fr\/wp-content\/uploads\/2020\/06\/culture4.jpg 1000w, https:\/\/mathieurouzier.fr\/wp-content\/uploads\/2020\/06\/culture4-300x185.jpg 300w, https:\/\/mathieurouzier.fr\/wp-content\/uploads\/2020\/06\/culture4-768x472.jpg 768w, https:\/\/mathieurouzier.fr\/wp-content\/uploads\/2020\/06\/culture4-600x369.jpg 600w\" sizes=\"(max-width: 1000px) 100vw, 1000px\" \/>                                    <\/div>\n<\/div>[\/vc_column][vc_column width=&#8221;1\/2&#8243;]<div class=\"edgtf-elements-holder   edgtf-one-column  edgtf-responsive-mode-768 \" ><div class=\"edgtf-eh-item    \"  data-item-class=\"edgtf-eh-custom-2870\" data-1367-1600=\"0px 15% 0px 0px\" data-1025-1366=\"0px 20% 0px 0px\" data-769-1024=\"0px 10% 0px 0px\" data-681-768=\"0px 0px 0px 0px\" data-680=\"0px 0px 0px 0px\">\n    <div class=\"edgtf-eh-item-inner\">\n        <div class=\"edgtf-eh-item-content edgtf-eh-custom-2870\" >\n            [vc_column_text css=&#8221;.vc_custom_1593184512903{padding-bottom: 20px !important;}&#8221;]<\/p>\n<h3 style=\"font-weight: 500;\">Notre approche<\/h3>\n<p>[\/vc_column_text][vc_column_text]<\/p>\n<h1>Vers un design simple, utile, honn\u00eate.<\/h1>\n<p>[\/vc_column_text]        <\/div>\n    <\/div>\n<\/div><\/div>[\/vc_column][\/vc_row][vc_row content_placement=&#8221;middle&#8221; row_content_width=&#8221;grid&#8221; css=&#8221;.vc_custom_1591784865441{padding-bottom: 20px !important;}&#8221;][vc_column]<div class=\"edgtf-separator-holder clearfix  edgtf-separator-center edgtf-separator-full-width\">\n    <div class=\"edgtf-separator\" style=\"border-style: solid\"><\/div>\n<\/div>\n[\/vc_column][\/vc_row][vc_row gap=&#8221;35&#8243; content_placement=&#8221;top&#8221; row_content_width=&#8221;grid&#8221; css=&#8221;.vc_custom_1593244539819{padding-top: 47px !important;}&#8221;][vc_column width=&#8221;1\/3&#8243;][vc_column_text]<\/p>\n<h4>Au-del\u00e0 de notre savoir-faire de designer et d\u2019\u00e9b\u00e9niste, nous mettons du coeur dans nos cr\u00e9ations. Vous y retrouverez ce qui fait de nous ce que nous sommes.<\/h4>\n<p>[\/vc_column_text][\/vc_column][vc_column width=&#8221;1\/3&#8243;][vc_column_text]<\/p>\n<h5><b>Se r\u00e9inventer<\/b><\/h5>\n<p>[\/vc_column_text][vc_column_text]Explorer, exp\u00e9rimenter, recommencer. Ce sont pour nous des \u00e9tapes essentielles par lesquelles le design nous pousse \u00e0 fa\u00e7onner notre monde. [\/vc_column_text][\/vc_column][vc_column width=&#8221;1\/3&#8243;][vc_column_text]<\/p>\n<h5><b>Design durable<\/b><\/h5>\n<p>[\/vc_column_text][vc_column_text]<span style=\"font-weight: 400;\">Compar\u00e9 \u00e0 la standardisation industrielle, le sur-mesure correspond \u00e0 vos besoins et \u00e0 votre mani\u00e8re de vivre.\u00a0 Ainsi, il s&#8217;inscrit mieux dans la dur\u00e9e. <\/span>[\/vc_column_text][\/vc_column][\/vc_row][vc_row gap=&#8221;35&#8243; content_placement=&#8221;top&#8221; row_content_width=&#8221;grid&#8221;][vc_column width=&#8221;1\/3&#8243;][\/vc_column][vc_column width=&#8221;1\/3&#8243;][vc_column_text]<\/p>\n<h5><b>Trouver des solutions<\/b><\/h5>\n<p>[\/vc_column_text][vc_column_text]<span style=\"font-weight: 400;\">Par le design, nous cherchons \u00e0 transformer les probl\u00e8mes en opportunit\u00e9s. <\/span>[\/vc_column_text][\/vc_column][vc_column width=&#8221;1\/3&#8243;][vc_column_text]<\/p>\n<h5><b>Made in France<\/b><\/h5>\n<p>[\/vc_column_text][vc_column_text]<span style=\"font-weight: 400;\">En tant que designers fran\u00e7ais, valorisons les productions et savoir-faire locaux !<\/span>[\/vc_column_text][\/vc_column][\/vc_row][vc_row gap=&#8221;35&#8243; content_placement=&#8221;top&#8221; row_content_width=&#8221;grid&#8221; css=&#8221;.vc_custom_1593244557582{padding-bottom: 100px !important;}&#8221;][vc_column width=&#8221;1\/3&#8243;][\/vc_column][vc_column width=&#8221;1\/3&#8243;][vc_column_text]<\/p>\n<h5><b>\u00c9<\/b><b>changer nos visions<\/b><\/h5>\n<p>[\/vc_column_text][vc_column_text]<span style=\"font-weight: 400;\">Le partage est une part importante du travail de sur-mesure. Vous comprendre et comprendre vos envies, d\u00e9couvrir votre vision. Cela nous enrichit.<\/span>[\/vc_column_text][\/vc_column][vc_column width=&#8221;1\/3&#8243;][vc_column_text]<\/p>\n<h5><b>Un futur plus humain ?<\/b><\/h5>\n<p>[\/vc_column_text][vc_column_text]<span style=\"font-weight: 400;\">Nous n\u2019avons pas l\u2019ambition de changer le monde, mais esp\u00e9rons, \u00e0 notre \u00e9chelle, aller dans la bonne direction.\u00a0<\/span>[\/vc_column_text][\/vc_column][\/vc_row][vc_row row_content_width=&#8221;grid&#8221; css=&#8221;.vc_custom_1591782866168{padding-top: 0px !important;padding-right: 0px !important;padding-bottom: 42px !important;padding-left: 0px !important;}&#8221;][vc_column width=&#8221;2\/3&#8243; css=&#8221;.vc_custom_1591782903978{padding-right: 0px !important;padding-left: 0px !important;}&#8221;]<div class=\"edgtf-single-image-holder   edgtf-image-behavior-zoom\">\n    <div class=\"edgtf-si-inner\" >\n                                            <img width=\"1500\" height=\"750\" src=\"https:\/\/mathieurouzier.fr\/wp-content\/uploads\/2020\/06\/culture6.jpg\" class=\"attachment-full size-full\" alt=\"\" loading=\"lazy\" srcset=\"https:\/\/mathieurouzier.fr\/wp-content\/uploads\/2020\/06\/culture6.jpg 1500w, https:\/\/mathieurouzier.fr\/wp-content\/uploads\/2020\/06\/culture6-300x150.jpg 300w, https:\/\/mathieurouzier.fr\/wp-content\/uploads\/2020\/06\/culture6-1024x512.jpg 1024w, https:\/\/mathieurouzier.fr\/wp-content\/uploads\/2020\/06\/culture6-768x384.jpg 768w, https:\/\/mathieurouzier.fr\/wp-content\/uploads\/2020\/06\/culture6-1100x550.jpg 1100w, https:\/\/mathieurouzier.fr\/wp-content\/uploads\/2020\/06\/culture6-600x300.jpg 600w\" sizes=\"(max-width: 1500px) 100vw, 1500px\" \/>                                    <\/div>\n<\/div>[\/vc_column][vc_column width=&#8221;1\/3&#8243; css=&#8221;.vc_custom_1591783079516{padding-top: 0px !important;padding-right: 0px !important;padding-bottom: 0px !important;padding-left: 0px !important;}&#8221;]<div class=\"edgtf-single-image-holder   edgtf-image-behavior-zoom\">\n    <div class=\"edgtf-si-inner\" >\n                                            <img width=\"500\" height=\"500\" src=\"https:\/\/mathieurouzier.fr\/wp-content\/uploads\/2020\/06\/conception_personnalisee500.jpg\" class=\"attachment-full size-full\" alt=\"\" loading=\"lazy\" srcset=\"https:\/\/mathieurouzier.fr\/wp-content\/uploads\/2020\/06\/conception_personnalisee500.jpg 500w, https:\/\/mathieurouzier.fr\/wp-content\/uploads\/2020\/06\/conception_personnalisee500-300x300.jpg 300w, https:\/\/mathieurouzier.fr\/wp-content\/uploads\/2020\/06\/conception_personnalisee500-150x150.jpg 150w, https:\/\/mathieurouzier.fr\/wp-content\/uploads\/2020\/06\/conception_personnalisee500-100x100.jpg 100w\" sizes=\"(max-width: 500px) 100vw, 500px\" \/>                                    <\/div>\n<\/div>[\/vc_column][\/vc_row][vc_row content_placement=&#8221;middle&#8221; row_content_width=&#8221;grid&#8221; css=&#8221;.vc_custom_1591784809686{padding-top: 30px !important;padding-bottom: 50px !important;}&#8221;][vc_column]<div class=\"edgtf-separator-holder clearfix  edgtf-separator-center edgtf-separator-full-width\">\n    <div class=\"edgtf-separator\" style=\"border-style: solid\"><\/div>\n<\/div>\n[\/vc_column][\/vc_row][vc_row gap=&#8221;25&#8243; row_content_width=&#8221;grid&#8221; css=&#8221;.vc_custom_1593105842182{padding-top: 20px !important;padding-bottom: 100px !important;}&#8221;][vc_column width=&#8221;1\/3&#8243; css=&#8221;.vc_custom_1593105795718{margin-top: 20px !important;}&#8221;][vc_column_text]<\/p>\n<h2>La passion du design, le plaisir du travail manuel<\/h2>\n<p>[\/vc_column_text][\/vc_column][vc_column width=&#8221;1\/3&#8243; css=&#8221;.vc_custom_1593105799281{margin-top: 20px !important;}&#8221;][vc_column_text]Mathieu est un passionn\u00e9. Par le design, innovant et inspirant, par le bois, noble et vivant.[\/vc_column_text][vc_empty_space height=&#8221;8px&#8221;][vc_column_text]\u00c9b\u00e9niste, designer et architecte d\u2019int\u00e9rieur, ses passions se rejoignent dans son atelier.[\/vc_column_text][vc_empty_space height=&#8221;8px&#8221;][vc_column_text]Au cours de ses diff\u00e9rentes exp\u00e9riences aupr\u00e8s de designers et de maisons d\u2019\u00e9ditions, une envie se dessine : Imaginer et Fabriquer. Trouver des solutions. Penser un projet de ses pr\u00e9misses jusqu&#8217;\u00e0 sa concr\u00e9tisation. [\/vc_column_text][vc_empty_space height=&#8221;8px&#8221;][vc_column_text]C\u2019est dans cet esprit &#8211; apr\u00e8s avoir cofond\u00e9 la marque Gllu, et d\u00e9velopp\u00e9 avec son associ\u00e9 une collection de beaux objets de d\u00e9coration &#8211; que Mathieu d\u00e9cide de se lancer en solo et fonde son studio de cr\u00e9ation et son atelier centr\u00e9 sur le mobilier et de l\u2019am\u00e9nagement sur-mesure. De quoi bien occuper son quotidien ![\/vc_column_text][\/vc_column][vc_column width=&#8221;1\/3&#8243; css=&#8221;.vc_custom_1593105805864{margin-top: 20px !important;}&#8221;]<div class=\"edgtf-single-image-holder   edgtf-image-behavior-zoom\">\n    <div class=\"edgtf-si-inner\" >\n                                            <img width=\"500\" height=\"684\" src=\"https:\/\/mathieurouzier.fr\/wp-content\/uploads\/2020\/06\/approche2.jpg\" class=\"attachment-full size-full\" alt=\"\" loading=\"lazy\" srcset=\"https:\/\/mathieurouzier.fr\/wp-content\/uploads\/2020\/06\/approche2.jpg 500w, https:\/\/mathieurouzier.fr\/wp-content\/uploads\/2020\/06\/approche2-219x300.jpg 219w\" sizes=\"(max-width: 500px) 100vw, 500px\" \/>                                    <\/div>\n<\/div>[\/vc_column][\/vc_row][vc_row content_placement=&#8221;middle&#8221; row_content_width=&#8221;grid&#8221; css=&#8221;.vc_custom_1591784190050{padding-bottom: 50px !important;}&#8221;][vc_column]<div class=\"edgtf-separator-holder clearfix  edgtf-separator-center edgtf-separator-full-width\">\n    <div class=\"edgtf-separator\" style=\"border-style: solid\"><\/div>\n<\/div>\n[\/vc_column][\/vc_row][vc_row content_placement=&#8221;middle&#8221; row_content_width=&#8221;grid&#8221; css=&#8221;.vc_custom_1591784396898{padding-top: 20px !important;padding-bottom: 70px !important;}&#8221;][vc_column]<div class=\"edgtf-call-to-action-holder  edgtf-normal-layout  edgtf-three-quarters-columns\">\n    <div class=\"edgtf-cta-inner \">\n        <div class=\"edgtf-cta-text-holder\">\n            <div class=\"edgtf-cta-text\">\n<h3>Vous avez un projet ?<\/h3>\n<\/div>\n        <\/div>\n        <div class=\"edgtf-cta-button-holder\" >\n            <div class=\"edgtf-cta-button\"><a itemprop=\"url\" href=\"\/index.php\/contact\/\" target=\"_self\"  class=\"edgtf-btn edgtf-btn-medium edgtf-btn-outline\"  >            <span class=\"edgtf-btn-text\">Nous contacter<\/span>            <\/a><\/div>\n        <\/div>\n    <\/div>\n<\/div>[\/vc_column][\/vc_row]<\/p>\n","protected":false},"excerpt":{"rendered":"<p>[vc_row gap=&#8221;35&#8243; content_placement=&#8221;middle&#8221; row_content_width=&#8221;grid&#8221; css=&#8221;.vc_custom_1593105710363{padding-top: 47px !important;padding-bottom: 50px !important;}&#8221;][vc_column width=&#8221;1\/2&#8243; css=&#8221;.vc_custom_1593105734142{margin-top: 30px !important;margin-bottom: 30px !important;}&#8221;][\/vc_column][vc_column width=&#8221;1\/2&#8243;][\/vc_column][\/vc_row][vc_row content_placement=&#8221;middle&#8221; row_content_width=&#8221;grid&#8221; css=&#8221;.vc_custom_1591784865441{padding-bottom: 20px !important;}&#8221;][vc_column][\/vc_column][\/vc_row][vc_row gap=&#8221;35&#8243; content_placement=&#8221;top&#8221; row_content_width=&#8221;grid&#8221; css=&#8221;.vc_custom_1593244539819{padding-top: 47px !important;}&#8221;][vc_column width=&#8221;1\/3&#8243;][vc_column_text] Au-del\u00e0 de notre savoir-faire de designer et d\u2019\u00e9b\u00e9niste, nous mettons du coeur dans nos cr\u00e9ations. Vous y retrouverez ce qui fait de nous ce que nous sommes. [\/vc_column_text][\/vc_column][vc_column width=&#8221;1\/3&#8243;][vc_column_text] Se r\u00e9inventer [\/vc_column_text][vc_column_text]Explorer, [&hellip;]<\/p>\n","protected":false},"author":1,"featured_media":0,"parent":0,"menu_order":0,"comment_status":"closed","ping_status":"closed","template":"full-width.php","meta":[],"_links":{"self":[{"href":"https:\/\/mathieurouzier.fr\/index.php\/wp-json\/wp\/v2\/pages\/251"}],"collection":[{"href":"https:\/\/mathieurouzier.fr\/index.php\/wp-json\/wp\/v2\/pages"}],"about":[{"href":"https:\/\/mathieurouzier.fr\/index.php\/wp-json\/wp\/v2\/types\/page"}],"author":[{"embeddable":true,"href":"https:\/\/mathieurouzier.fr\/index.php\/wp-json\/wp\/v2\/users\/1"}],"replies":[{"embeddable":true,"href":"https:\/\/mathieurouzier.fr\/index.php\/wp-json\/wp\/v2\/comments?post=251"}],"version-history":[{"count":155,"href":"https:\/\/mathieurouzier.fr\/index.php\/wp-json\/wp\/v2\/pages\/251\/revisions"}],"predecessor-version":[{"id":4386,"href":"https:\/\/mathieurouzier.fr\/index.php\/wp-json\/wp\/v2\/pages\/251\/revisions\/4386"}],"wp:attachment":[{"href":"https:\/\/mathieurouzier.fr\/index.php\/wp-json\/wp\/v2\/media?parent=251"}],"curies":[{"name":"wp","href":"https:\/\/api.w.org\/{rel}","templated":true}]}}