{"id":277,"date":"2018-05-08T12:40:47","date_gmt":"2018-05-08T12:40:47","guid":{"rendered":"http:\/\/ottar.edge-themes.com\/?page_id=277"},"modified":"2020-06-26T16:47:19","modified_gmt":"2020-06-26T14:47:19","slug":"contact","status":"publish","type":"page","link":"https:\/\/mathieurouzier.fr\/index.php\/contact\/","title":{"rendered":"Contact et devis"},"content":{"rendered":"<p>[vc_row gap=&#8221;20&#8243; row_content_width=&#8221;grid&#8221; css=&#8221;.vc_custom_1590936055024{padding-top: 130px !important;}&#8221;][vc_column offset=&#8221;vc_col-lg-6 vc_col-md-12&#8243; css=&#8221;.vc_custom_1593182838443{padding-right: 0px !important;}&#8221;]<div class=\"edgtf-section-title-holder  edgtf-st-standard edgtf-st-title-left edgtf-st-normal-space \" >\n    <div class=\"edgtf-st-inner\">\n                <h1 class=\"edgtf-st-title\" >\n        Contactez-nous !<br \/>    <\/h1>\n        <\/div>\n<\/div>[\/vc_column][vc_column offset=&#8221;vc_col-lg-6 vc_col-md-12&#8243;][\/vc_column][\/vc_row][vc_row gap=&#8221;20&#8243; row_content_width=&#8221;grid&#8221; css=&#8221;.vc_custom_1593105891400{padding-bottom: 150px !important;}&#8221;][vc_column offset=&#8221;vc_col-lg-6 vc_col-md-12&#8243; css=&#8221;.vc_custom_1593173585429{margin-top: 50px !important;padding-right: 35px !important;}&#8221;][vc_column_text]Vous recherchez un meuble unique, loin des grandes s\u00e9ries et qui corresponde parfaitement \u00e0 vos envies ? Vous souhaitez repenser votre espace et cr\u00e9er un am\u00e9nagement sur mesure ? Ou encore d\u00e9velopper un concept pour l\u2019accueil de vos clients ? [\/vc_column_text][vc_column_text]Que vous soyez professionnel ou particulier, n\u2019h\u00e9sitez pas \u00e0 nous contacter pour parler de votre projet ! Entre Paris et Rouen, nous vous proposons un accompagnement complet pour concr\u00e9tiser vos envies.<br \/>\nOn vous \u00e9coute !<br \/>\n[\/vc_column_text][vc_empty_space height=&#8221;20px&#8221;]<div class=\"edgtf-separator-holder clearfix  edgtf-separator-left \">\n    <div class=\"edgtf-separator\" style=\"border-style: solid;width: 50px\"><\/div>\n<\/div>\n[vc_empty_space height=&#8221;10px&#8221;][vc_column_text]Tel: 06 66 63 28 25<br \/>\ncontact@mathieurouzier.fr[\/vc_column_text][vc_empty_space height=&#8221;10px&#8221;]    <span class=\"edgtf-icon-shortcode edgtf-normal   \"  >\n                    <span aria-hidden=\"true\" class=\"edgtf-icon-font-elegant icon_pin edgtf-icon-element\" style=\"\" ><\/span>                <\/span>\n    [vc_column_text]<a href=\"https:\/\/www.google.rs\/maps\/place\/16+Impasse+des+Tuileries,+76160+Preaux\/@49.4628463,1.0895088,12.38z\/data=!4m5!3m4!1s0x47e0daeb48b67429:0x4800d11a6e8a68!8m2!3d49.4971464!4d1.2165377\" target=\"_blank\" rel=\"noopener noreferrer\">16 impasse des Tuileries,<br \/>\n76160 P\u00c9AUX<\/a>[\/vc_column_text][\/vc_column][vc_column offset=&#8221;vc_col-lg-6 vc_col-md-12&#8243; css=&#8221;.vc_custom_1593173599571{margin-top: 60px !important;}&#8221;]<h2 class=\"edgtf-custom-font-holder  edgtf-cf-8553  \" style=\"font-size: 30px\" data-item-class=\"edgtf-cf-8553\">\nInformations<\/h2>[vc_empty_space height=&#8221;10px&#8221;]<h2 class=\"edgtf-custom-font-holder  edgtf-cf-8917  \" style=\"font-size: 30px\" data-item-class=\"edgtf-cf-8917\">\n&amp; demande de devis<\/h2>[vc_empty_space height=&#8221;50px&#8221;]<div role=\"form\" class=\"wpcf7\" id=\"wpcf7-f227-o1\" lang=\"en-US\" dir=\"ltr\">\n<div class=\"screen-reader-response\" role=\"alert\" aria-live=\"polite\"><\/div>\n<form action=\"\/index.php\/wp-json\/wp\/v2\/pages\/277#wpcf7-f227-o1\" method=\"post\" class=\"wpcf7-form init cf7_custom_style_1\" novalidate=\"novalidate\">\n<div style=\"display: none;\">\n<input type=\"hidden\" name=\"_wpcf7\" value=\"227\" \/>\n<input type=\"hidden\" name=\"_wpcf7_version\" value=\"5.2.2\" \/>\n<input type=\"hidden\" name=\"_wpcf7_locale\" value=\"en_US\" \/>\n<input type=\"hidden\" name=\"_wpcf7_unit_tag\" value=\"wpcf7-f227-o1\" \/>\n<input type=\"hidden\" name=\"_wpcf7_container_post\" value=\"0\" \/>\n<input type=\"hidden\" name=\"_wpcf7_posted_data_hash\" value=\"\" \/>\n<input type=\"hidden\" name=\"_wpcf7_recaptcha_response\" value=\"\" \/>\n<\/div>\n<p><label> <span class=\"wpcf7-form-control-wrap your-name\"><input type=\"text\" name=\"your-name\" value=\"\" size=\"40\" class=\"wpcf7-form-control wpcf7-text wpcf7-validates-as-required\" aria-required=\"true\" aria-invalid=\"false\" placeholder=\"Nom\" \/><\/span><\/label><\/p>\n<p><label><span class=\"wpcf7-form-control-wrap your-email\"><input type=\"email\" name=\"your-email\" value=\"\" size=\"40\" class=\"wpcf7-form-control wpcf7-text wpcf7-email wpcf7-validates-as-required wpcf7-validates-as-email\" aria-required=\"true\" aria-invalid=\"false\" placeholder=\"E-mail\" \/><\/span> <\/label><\/p>\n<p><label> <span class=\"wpcf7-form-control-wrap textarea-message\"><textarea name=\"textarea-message\" cols=\"40\" rows=\"10\" class=\"wpcf7-form-control wpcf7-textarea\" aria-invalid=\"false\" placeholder=\"Votre message\"><\/textarea><\/span><\/label><\/p>\n<p><input type=\"submit\" value=\"Envoyer la demande\" class=\"wpcf7-form-control wpcf7-submit\" \/><\/p>\n<div class=\"wpcf7-response-output\" role=\"alert\" aria-hidden=\"true\"><\/div><\/form><\/div>[\/vc_column][\/vc_row][vc_row full_width=&#8221;stretch_row_content_no_spaces&#8221; css=&#8221;.vc_custom_1591718089494{padding-bottom: 150px !important;}&#8221;][vc_column width=&#8221;4\/5&#8243; css=&#8221;.vc_custom_1590938220508{padding-right: 50px !important;}&#8221;][vc_single_image image=&#8221;4261&#8243; img_size=&#8221;full&#8221;][\/vc_column][vc_column width=&#8221;1\/5&#8243;][\/vc_column][\/vc_row]<\/p>\n","protected":false},"excerpt":{"rendered":"<p>[vc_row gap=&#8221;20&#8243; row_content_width=&#8221;grid&#8221; css=&#8221;.vc_custom_1590936055024{padding-top: 130px !important;}&#8221;][vc_column offset=&#8221;vc_col-lg-6 vc_col-md-12&#8243; css=&#8221;.vc_custom_1593182838443{padding-right: 0px !important;}&#8221;][\/vc_column][vc_column offset=&#8221;vc_col-lg-6 vc_col-md-12&#8243;][\/vc_column][\/vc_row][vc_row gap=&#8221;20&#8243; row_content_width=&#8221;grid&#8221; css=&#8221;.vc_custom_1593105891400{padding-bottom: 150px !important;}&#8221;][vc_column offset=&#8221;vc_col-lg-6 vc_col-md-12&#8243; css=&#8221;.vc_custom_1593173585429{margin-top: 50px !important;padding-right: 35px !important;}&#8221;][vc_column_text]Vous recherchez un meuble unique, loin des grandes s\u00e9ries et qui corresponde parfaitement \u00e0 vos envies ? Vous souhaitez repenser votre espace et cr\u00e9er un am\u00e9nagement sur mesure ? Ou encore d\u00e9velopper un concept pour l\u2019accueil [&hellip;]<\/p>\n","protected":false},"author":1,"featured_media":0,"parent":0,"menu_order":0,"comment_status":"closed","ping_status":"closed","template":"full-width.php","meta":[],"_links":{"self":[{"href":"https:\/\/mathieurouzier.fr\/index.php\/wp-json\/wp\/v2\/pages\/277"}],"collection":[{"href":"https:\/\/mathieurouzier.fr\/index.php\/wp-json\/wp\/v2\/pages"}],"about":[{"href":"https:\/\/mathieurouzier.fr\/index.php\/wp-json\/wp\/v2\/types\/page"}],"author":[{"embeddable":true,"href":"https:\/\/mathieurouzier.fr\/index.php\/wp-json\/wp\/v2\/users\/1"}],"replies":[{"embeddable":true,"href":"https:\/\/mathieurouzier.fr\/index.php\/wp-json\/wp\/v2\/comments?post=277"}],"version-history":[{"count":72,"href":"https:\/\/mathieurouzier.fr\/index.php\/wp-json\/wp\/v2\/pages\/277\/revisions"}],"predecessor-version":[{"id":4285,"href":"https:\/\/mathieurouzier.fr\/index.php\/wp-json\/wp\/v2\/pages\/277\/revisions\/4285"}],"wp:attachment":[{"href":"https:\/\/mathieurouzier.fr\/index.php\/wp-json\/wp\/v2\/media?parent=277"}],"curies":[{"name":"wp","href":"https:\/\/api.w.org\/{rel}","templated":true}]}}