{"id":80,"date":"2018-05-08T07:42:28","date_gmt":"2018-05-08T07:42:28","guid":{"rendered":"http:\/\/ottar.edge-themes.com\/?page_id=80"},"modified":"2026-02-05T20:54:33","modified_gmt":"2026-02-05T19:54:33","slug":"services","status":"publish","type":"page","link":"https:\/\/mathieurouzier.fr\/index.php\/services\/","title":{"rendered":"Nos services"},"content":{"rendered":"<p>[vc_row row_content_width=&#8221;grid&#8221; css=&#8221;.vc_custom_1593184415747{padding-top: 330px !important;}&#8221;][vc_column][vc_column_text css=&#8221;.vc_custom_1593184410500{padding-bottom: 20px !important;}&#8221;]<\/p>\n<h3 style=\"font-weight: 500;\">Nos services :<\/h3>\n<p>[\/vc_column_text][vc_column_text]<\/p>\n<h1><span style=\"line-height: 1.23em;\"><a class=\"edgtf-image-tooltip\" href=\"#\" title=\"<img src= 'https:\/\/mathieurouzier.fr\/wp-content\/uploads\/2020\/06\/sur-mesure_280_2.jpg' \/>\" data-toggle=\"tooltip\" data-placement=\"top\" >\n\tSur-mesure    <img class=\"edgtf-preload-image\" src=\"https:\/\/mathieurouzier.fr\/wp-content\/uploads\/2020\/06\/sur-mesure_280_2.jpg\" alt=\"\">\n<\/a><\/span> &#8211;\u00a0<span style=\"line-height: 1.23em;\"><a class=\"edgtf-image-tooltip\" href=\"#\" title=\"<img src= 'https:\/\/mathieurouzier.fr\/wp-content\/uploads\/2020\/06\/mobilier350.jpg' \/>\" data-toggle=\"tooltip\" data-placement=\"top\" >\n\tMobilier    <img class=\"edgtf-preload-image\" src=\"https:\/\/mathieurouzier.fr\/wp-content\/uploads\/2020\/06\/mobilier350.jpg\" alt=\"\">\n<\/a><\/span> &#8211;\u00a0<span style=\"line-height: 1.23em;\"><a class=\"edgtf-image-tooltip\" href=\"#\" title=\"<img src= 'https:\/\/mathieurouzier.fr\/wp-content\/uploads\/2020\/06\/agencement_3008.jpg' \/>\" data-toggle=\"tooltip\" data-placement=\"top\" >\n\tAgencement    <img class=\"edgtf-preload-image\" src=\"https:\/\/mathieurouzier.fr\/wp-content\/uploads\/2020\/06\/agencement_3008.jpg\" alt=\"\">\n<\/a><\/span> &#8211;\u00a0<span style=\"line-height: 1.23em;\"><a class=\"edgtf-image-tooltip\" href=\"#\" title=\"<img src= 'https:\/\/mathieurouzier.fr\/wp-content\/uploads\/2020\/06\/claustra_350.jpg' \/>\" data-toggle=\"tooltip\" data-placement=\"top\" >\n\tClaustra    <img class=\"edgtf-preload-image\" src=\"https:\/\/mathieurouzier.fr\/wp-content\/uploads\/2020\/06\/claustra_350.jpg\" alt=\"\">\n<\/a><\/span> &#8211; <span style=\"line-height: 1.23em;\"><a class=\"edgtf-image-tooltip\" href=\"#\" title=\"<img src= 'https:\/\/mathieurouzier.fr\/wp-content\/uploads\/2020\/06\/piece_unique_375.jpg' \/>\" data-toggle=\"tooltip\" data-placement=\"top\" >\n\tPi\u00e8ces uniques    <img class=\"edgtf-preload-image\" src=\"https:\/\/mathieurouzier.fr\/wp-content\/uploads\/2020\/06\/piece_unique_375.jpg\" alt=\"\">\n<\/a><\/span> &#8211;\u00a0<span style=\"line-height: 1.23em;\"><a class=\"edgtf-image-tooltip\" href=\"#\" title=\"<img src= 'https:\/\/mathieurouzier.fr\/wp-content\/uploads\/2020\/06\/presentoir_3507.jpg' \/>\" data-toggle=\"tooltip\" data-placement=\"top\" >\n\tPr\u00e9sentoirs    <img class=\"edgtf-preload-image\" src=\"https:\/\/mathieurouzier.fr\/wp-content\/uploads\/2020\/06\/presentoir_3507.jpg\" alt=\"\">\n<\/a><\/span> &#8211;\u00a0<span style=\"line-height: 1.23em;\"><a class=\"edgtf-image-tooltip\" href=\"#\" title=\"<img src= 'https:\/\/mathieurouzier.fr\/wp-content\/uploads\/2020\/06\/sur-mesure_280.jpg' \/>\" data-toggle=\"tooltip\" data-placement=\"top\" >\n\tAm\u00e9nagement de boutique    <img class=\"edgtf-preload-image\" src=\"https:\/\/mathieurouzier.fr\/wp-content\/uploads\/2020\/06\/sur-mesure_280.jpg\" alt=\"\">\n<\/a><\/span>&#8211; <span style=\"line-height: 1.23em;\"><a class=\"edgtf-image-tooltip\" href=\"#\" title=\"<img src= 'https:\/\/mathieurouzier.fr\/wp-content\/uploads\/2020\/06\/bibliotheque_300_2.jpg' \/>\" data-toggle=\"tooltip\" data-placement=\"top\" >\n\tBiblioth\u00e8que    <img class=\"edgtf-preload-image\" src=\"https:\/\/mathieurouzier.fr\/wp-content\/uploads\/2020\/06\/bibliotheque_300_2.jpg\" alt=\"\">\n<\/a><\/span><\/h1>\n<p>[\/vc_column_text][\/vc_column][\/vc_row][vc_row row_content_width=&#8221;grid&#8221; css=&#8221;.vc_custom_1593105332947{padding-top: 80px !important;padding-bottom: 50px !important;}&#8221;][vc_column]<div class=\"edgtf-separator-holder clearfix  edgtf-separator-center edgtf-separator-full-width\">\n    <div class=\"edgtf-separator\" style=\"border-style: solid\"><\/div>\n<\/div>\n[\/vc_column][\/vc_row][vc_row gap=&#8221;20&#8243; row_content_width=&#8221;grid&#8221;][vc_column width=&#8221;1\/3&#8243; css=&#8221;.vc_custom_1593105337535{margin-top: 30px !important;}&#8221;][vc_column_text]<\/p>\n<h4>Nous proposons de l\u2019am\u00e9nagement d\u2019espace et du mobilier sur-mesure aussi bien pour les professionnels que pour les particuliers.<\/h4>\n<p>[\/vc_column_text][vc_empty_space height=&#8221;15px&#8221;][vc_column_text]<\/p>\n<h4>Nous combinons travail artisanal et conception contemporaine : ce sont ces comp\u00e9tences crois\u00e9es ainsi que les allers-retours entre le studio de cr\u00e9ation et la fabrication qui permettent \u00e0 nos projets d\u2019\u00e9voluer.<\/h4>\n<p>[\/vc_column_text][\/vc_column][vc_column width=&#8221;1\/3&#8243; css=&#8221;.vc_custom_1593105342024{margin-top: 30px !important;}&#8221;][vc_column_text]<\/p>\n<h5>Le design<\/h5>\n<p>[\/vc_column_text][vc_empty_space height=&#8221;8px&#8221;][vc_column_text]L\u2019\u00e9mergence d\u2019un nouveau projet est toujours une opportunit\u00e9 : Penser les formes, dessiner les fonctions, s\u2019inscrire dans un espace.[\/vc_column_text][vc_column_text]Le design nous pousse \u00e0 nous interroger sur notre environnement.[\/vc_column_text][\/vc_column][vc_column width=&#8221;1\/3&#8243; css=&#8221;.vc_custom_1593242456206{margin-top: 30px !important;}&#8221;][vc_column_text]<\/p>\n<h5>L&#8217;\u00e9b\u00e9nisterie<\/h5>\n<p>[\/vc_column_text][vc_empty_space height=&#8221;8px&#8221;][vc_column_text]Travailler la mati\u00e8re et concr\u00e9tiser vos id\u00e9es : avec une sp\u00e9cialisation dans l\u2019\u00e9b\u00e9nisterie et le travail du bois, mais \u00e9galement une ouverture sur d\u2019autres mati\u00e8res tel que le b\u00e9ton ou l\u2019acier, notre savoir-faire technique nous permet d\u2019aller plus loin dans notre travail de conception.[\/vc_column_text][\/vc_column][\/vc_row][vc_row][vc_column][vc_empty_space height=&#8221;150&#8243;]<div class=\"edgtf-bordered-carousel\">\n    <div class=\"edgtf-bc-images-holder\">\n        <div class=\"edgtf-slide-toggle-prev\"><\/div>\n        <div class=\"edgtf-slide-toggle-next\"><\/div>\n        <div class=\"swiper-container\">\n            <div class=\"swiper-wrapper\">\n                                                    <div class=\"edgtf-bc-slide swiper-slide\" data-index=\"1\">\n                        <a class=\"edgtf-slide-link\" href=\"\" target=\"_self\"><\/a>\n                        <span class=\"edgtf-slide-mask edgtf-sm-left\"><\/span>\n                        <span class=\"edgtf-slide-mask edgtf-sm-right\"><\/span>\n                        <div class=\"edgtf-slide-image-holder\">\n                            <img class=\"edgtf-slide-image\" src=\"https:\/\/mathieurouzier.fr\/wp-content\/uploads\/2020\/06\/01_service.jpg\"\n                                    alt=\"01_service\"\n                                    data-swiper-parallax=\"17%\"\/>\n                        <\/div>\n                    <\/div>\n                                                        <div class=\"edgtf-bc-slide swiper-slide\" data-index=\"2\">\n                        <a class=\"edgtf-slide-link\" href=\"\" target=\"_self\"><\/a>\n                        <span class=\"edgtf-slide-mask edgtf-sm-left\"><\/span>\n                        <span class=\"edgtf-slide-mask edgtf-sm-right\"><\/span>\n                        <div class=\"edgtf-slide-image-holder\">\n                            <img class=\"edgtf-slide-image\" src=\"https:\/\/mathieurouzier.fr\/wp-content\/uploads\/2020\/06\/02_service.jpg\"\n                                    alt=\"02_service\"\n                                    data-swiper-parallax=\"17%\"\/>\n                        <\/div>\n                    <\/div>\n                                                        <div class=\"edgtf-bc-slide swiper-slide\" data-index=\"3\">\n                        <a class=\"edgtf-slide-link\" href=\"\" target=\"_self\"><\/a>\n                        <span class=\"edgtf-slide-mask edgtf-sm-left\"><\/span>\n                        <span class=\"edgtf-slide-mask edgtf-sm-right\"><\/span>\n                        <div class=\"edgtf-slide-image-holder\">\n                            <img class=\"edgtf-slide-image\" src=\"https:\/\/mathieurouzier.fr\/wp-content\/uploads\/2020\/06\/03_service.jpg\"\n                                    alt=\"03_service\"\n                                    data-swiper-parallax=\"17%\"\/>\n                        <\/div>\n                    <\/div>\n                                                        <div class=\"edgtf-bc-slide swiper-slide\" data-index=\"4\">\n                        <a class=\"edgtf-slide-link\" href=\"\" target=\"_self\"><\/a>\n                        <span class=\"edgtf-slide-mask edgtf-sm-left\"><\/span>\n                        <span class=\"edgtf-slide-mask edgtf-sm-right\"><\/span>\n                        <div class=\"edgtf-slide-image-holder\">\n                            <img class=\"edgtf-slide-image\" src=\"https:\/\/mathieurouzier.fr\/wp-content\/uploads\/2020\/06\/04_service.jpg\"\n                                    alt=\"04_service\"\n                                    data-swiper-parallax=\"17%\"\/>\n                        <\/div>\n                    <\/div>\n                                                        <div class=\"edgtf-bc-slide swiper-slide\" data-index=\"5\">\n                        <a class=\"edgtf-slide-link\" href=\"\" target=\"_self\"><\/a>\n                        <span class=\"edgtf-slide-mask edgtf-sm-left\"><\/span>\n                        <span class=\"edgtf-slide-mask edgtf-sm-right\"><\/span>\n                        <div class=\"edgtf-slide-image-holder\">\n                            <img class=\"edgtf-slide-image\" src=\"https:\/\/mathieurouzier.fr\/wp-content\/uploads\/2020\/06\/05_service.jpg\"\n                                    alt=\"05_service\"\n                                    data-swiper-parallax=\"17%\"\/>\n                        <\/div>\n                    <\/div>\n                                                <\/div>\n\n            <div class=\"swiper-pagination\"><\/div>\n\n        <\/div>\n    <\/div>\n<\/div>[vc_empty_space height=&#8221;100&#8243;][\/vc_column][\/vc_row][vc_row row_content_width=&#8221;grid&#8221; css=&#8221;.vc_custom_1591187361628{padding-bottom: 80px !important;}&#8221;][vc_column]<div class=\"edgtf-separator-holder clearfix  edgtf-separator-center edgtf-separator-full-width\">\n    <div class=\"edgtf-separator\" style=\"border-style: solid\"><\/div>\n<\/div>\n[\/vc_column][\/vc_row][vc_row row_content_width=&#8221;grid&#8221; css=&#8221;.vc_custom_1591187646104{padding-bottom: 50px !important;}&#8221;][vc_column offset=&#8221;vc_col-lg-6 vc_col-md-12&#8243;][vc_column_text]<\/p>\n<h1>Vous accompagner dans votre projet<\/h1>\n<p>[\/vc_column_text][\/vc_column][vc_column offset=&#8221;vc_col-lg-6 vc_col-md-12&#8243;][\/vc_column][\/vc_row][vc_row row_content_width=&#8221;grid&#8221; css=&#8221;.vc_custom_1591187736543{padding-bottom: 40px !important;}&#8221;][vc_column offset=&#8221;vc_col-lg-6 vc_col-md-12&#8243;][vc_column_text]Ce sont vos envies et votre vision qui sont au coeur de notre travail de conception. C\u2019est ici que commence notre r\u00e9flexion cr\u00e9ative. Nous cherchons \u00e0 comprendre vos besoins pour traduire votre vision par le design.<\/p>\n<p>La satisfaction de nos clients est au centre de notre engagement. En vous proposant des mat\u00e9riaux, des finitions et parfois m\u00eame une autre approche nous vous aiderons \u00e0 concr\u00e9tiser vos envies.<\/p>\n<p>Chaque projet est unique.[\/vc_column_text][\/vc_column][vc_column offset=&#8221;vc_col-lg-6 vc_col-md-12&#8243;][\/vc_column][\/vc_row][vc_row row_content_width=&#8221;grid&#8221; css=&#8221;.vc_custom_1526978667061{padding-right: 0px !important;padding-bottom: 110px !important;padding-left: 0px !important;}&#8221;][vc_column]<div class=\"edgtf-single-image-holder   \">\n    <div class=\"edgtf-si-inner\" >\n                                            <img width=\"2500\" height=\"964\" src=\"https:\/\/mathieurouzier.fr\/wp-content\/uploads\/2020\/06\/accompagner_projet.jpg\" class=\"attachment-full size-full\" alt=\"\" loading=\"lazy\" srcset=\"https:\/\/mathieurouzier.fr\/wp-content\/uploads\/2020\/06\/accompagner_projet.jpg 2500w, https:\/\/mathieurouzier.fr\/wp-content\/uploads\/2020\/06\/accompagner_projet-600x231.jpg 600w, https:\/\/mathieurouzier.fr\/wp-content\/uploads\/2020\/06\/accompagner_projet-300x116.jpg 300w, https:\/\/mathieurouzier.fr\/wp-content\/uploads\/2020\/06\/accompagner_projet-1024x395.jpg 1024w, https:\/\/mathieurouzier.fr\/wp-content\/uploads\/2020\/06\/accompagner_projet-768x296.jpg 768w, https:\/\/mathieurouzier.fr\/wp-content\/uploads\/2020\/06\/accompagner_projet-1536x592.jpg 1536w\" sizes=\"(max-width: 2500px) 100vw, 2500px\" \/>                                    <\/div>\n<\/div>[\/vc_column][\/vc_row][vc_row row_content_width=&#8221;grid&#8221; css=&#8221;.vc_custom_1591187361628{padding-bottom: 80px !important;}&#8221;][vc_column]<div class=\"edgtf-separator-holder clearfix  edgtf-separator-center edgtf-separator-full-width\">\n    <div class=\"edgtf-separator\" style=\"border-style: solid\"><\/div>\n<\/div>\n[\/vc_column][\/vc_row][vc_row row_content_width=&#8221;grid&#8221; css=&#8221;.vc_custom_1591800984609{padding-right: 0px !important;padding-bottom: 100px !important;padding-left: 0px !important;}&#8221;][vc_column]<div class=\"edgtf-call-to-action-holder  edgtf-normal-layout edgtf-content-in-grid edgtf-three-quarters-columns\">\n    <div class=\"edgtf-cta-inner edgtf-grid\">\n        <div class=\"edgtf-cta-text-holder\">\n            <div class=\"edgtf-cta-text\">\n<h3>Vous avez un projet ?<\/h3>\n<\/div>\n        <\/div>\n        <div class=\"edgtf-cta-button-holder\" >\n            <div class=\"edgtf-cta-button\"><a itemprop=\"url\" href=\"\/index.php\/contact\/\" target=\"_self\"  class=\"edgtf-btn edgtf-btn-large edgtf-btn-outline\"  >            <span class=\"edgtf-btn-text\">Nous contacter<\/span>            <\/a><\/div>\n        <\/div>\n    <\/div>\n<\/div>[\/vc_column][\/vc_row]<\/p>\n","protected":false},"excerpt":{"rendered":"<p>[vc_row row_content_width=&#8221;grid&#8221; css=&#8221;.vc_custom_1593184415747{padding-top: 330px !important;}&#8221;][vc_column][vc_column_text css=&#8221;.vc_custom_1593184410500{padding-bottom: 20px !important;}&#8221;] Nos services : [\/vc_column_text][vc_column_text] &#8211;\u00a0 &#8211;\u00a0 &#8211;\u00a0 &#8211; &#8211;\u00a0 &#8211;\u00a0&#8211; [\/vc_column_text][\/vc_column][\/vc_row][vc_row row_content_width=&#8221;grid&#8221; css=&#8221;.vc_custom_1593105332947{padding-top: 80px !important;padding-bottom: 50px !important;}&#8221;][vc_column][\/vc_column][\/vc_row][vc_row gap=&#8221;20&#8243; row_content_width=&#8221;grid&#8221;][vc_column width=&#8221;1\/3&#8243; css=&#8221;.vc_custom_1593105337535{margin-top: 30px !important;}&#8221;][vc_column_text] Nous proposons de l\u2019am\u00e9nagement d\u2019espace et du mobilier sur-mesure aussi bien pour les professionnels que pour les particuliers. [\/vc_column_text][vc_empty_space height=&#8221;15px&#8221;][vc_column_text] Nous combinons travail artisanal et conception contemporaine : ce [&hellip;]<\/p>\n","protected":false},"author":1,"featured_media":0,"parent":0,"menu_order":0,"comment_status":"closed","ping_status":"closed","template":"full-width.php","meta":[],"_links":{"self":[{"href":"https:\/\/mathieurouzier.fr\/index.php\/wp-json\/wp\/v2\/pages\/80"}],"collection":[{"href":"https:\/\/mathieurouzier.fr\/index.php\/wp-json\/wp\/v2\/pages"}],"about":[{"href":"https:\/\/mathieurouzier.fr\/index.php\/wp-json\/wp\/v2\/types\/page"}],"author":[{"embeddable":true,"href":"https:\/\/mathieurouzier.fr\/index.php\/wp-json\/wp\/v2\/users\/1"}],"replies":[{"embeddable":true,"href":"https:\/\/mathieurouzier.fr\/index.php\/wp-json\/wp\/v2\/comments?post=80"}],"version-history":[{"count":195,"href":"https:\/\/mathieurouzier.fr\/index.php\/wp-json\/wp\/v2\/pages\/80\/revisions"}],"predecessor-version":[{"id":4385,"href":"https:\/\/mathieurouzier.fr\/index.php\/wp-json\/wp\/v2\/pages\/80\/revisions\/4385"}],"wp:attachment":[{"href":"https:\/\/mathieurouzier.fr\/index.php\/wp-json\/wp\/v2\/media?parent=80"}],"curies":[{"name":"wp","href":"https:\/\/api.w.org\/{rel}","templated":true}]}}